{"id":11089,"date":"2023-05-09T10:14:55","date_gmt":"2023-05-09T14:14:55","guid":{"rendered":"https:\/\/uncommonschools.org\/?page_id=11089"},"modified":"2024-07-18T08:28:45","modified_gmt":"2024-07-18T12:28:45","slug":"gma","status":"publish","type":"page","link":"https:\/\/uncommonschools.org\/fr\/gma\/","title":{"rendered":"Une \u00e9cole \u00e9l\u00e9mentaire new-yorkaise peu commune \u00e0 l'honneur dans l'\u00e9mission Good Morning America"},"content":{"rendered":"","protected":false},"excerpt":{"rendered":"","protected":false},"author":44,"featured_media":11136,"parent":0,"menu_order":0,"comment_status":"closed","ping_status":"closed","template":"","meta":{"_acf_changed":false,"om_disable_all_campaigns":false,"_monsterinsights_skip_tracking":false,"_monsterinsights_sitenote_active":false,"_monsterinsights_sitenote_note":"","_monsterinsights_sitenote_category":0,"_uf_show_specific_survey":0,"_uf_disable_surveys":false,"footnotes":""},"class_list":["post-11089","page","type-page","status-publish","has-post-thumbnail","hentry"],"acf":[],"yoast_head":"<!-- This site is optimized with the Yoast SEO plugin v27.2 - https:\/\/yoast.com\/product\/yoast-seo-wordpress\/ -->\n<title>Uncommon New York City Elementary School Featured on Good Morning America - Uncommon Schools<\/title>\n<meta name=\"description\" content=\"Good Morning America heard about how our students feel seen and loved and decided to spend the day with us at Uncommon Excellence Boys Elementary School to share the magic with millions of viewers.\" \/>\n<meta name=\"robots\" content=\"index, follow, max-snippet:-1, max-image-preview:large, max-video-preview:-1\" \/>\n<link rel=\"canonical\" href=\"https:\/\/uncommonschools.org\/fr\/gma\/\" \/>\n<meta property=\"og:locale\" content=\"fr_FR\" \/>\n<meta property=\"og:type\" content=\"article\" \/>\n<meta property=\"og:title\" content=\"Uncommon New York City Elementary School Featured on Good Morning America - Uncommon Schools\" \/>\n<meta property=\"og:description\" content=\"Good Morning America heard about how our students feel seen and loved and decided to spend the day with us at Uncommon Excellence Boys Elementary School to share the magic with millions of viewers.\" \/>\n<meta property=\"og:url\" content=\"https:\/\/uncommonschools.org\/fr\/gma\/\" \/>\n<meta property=\"og:site_name\" content=\"Uncommon Schools\" \/>\n<meta property=\"article:modified_time\" content=\"2024-07-18T12:28:45+00:00\" \/>\n<meta property=\"og:image\" content=\"https:\/\/uncommonschools.org\/wp-content\/uploads\/2023\/05\/Screen-Shot-2023-05-09-at-10.16.08-AM.png\" \/>\n\t<meta property=\"og:image:width\" content=\"1364\" \/>\n\t<meta property=\"og:image:height\" content=\"768\" \/>\n\t<meta property=\"og:image:type\" content=\"image\/png\" \/>\n<meta name=\"twitter:card\" content=\"summary_large_image\" \/>\n<meta name=\"twitter:label1\" content=\"Dur\u00e9e de lecture estim\u00e9e\" \/>\n\t<meta name=\"twitter:data1\" content=\"1 minute\" \/>\n<script type=\"application\/ld+json\" class=\"yoast-schema-graph\">{\"@context\":\"https:\/\/schema.org\",\"@graph\":[{\"@type\":\"WebPage\",\"@id\":\"https:\/\/uncommonschools.org\/gma\/\",\"url\":\"https:\/\/uncommonschools.org\/gma\/\",\"name\":\"Uncommon New York City Elementary School Featured on Good Morning America - Uncommon Schools\",\"isPartOf\":{\"@id\":\"https:\/\/uncommonschools.org\/#website\"},\"primaryImageOfPage\":{\"@id\":\"https:\/\/uncommonschools.org\/gma\/#primaryimage\"},\"image\":{\"@id\":\"https:\/\/uncommonschools.org\/gma\/#primaryimage\"},\"thumbnailUrl\":\"https:\/\/uncommonschools.org\/wp-content\/uploads\/2023\/05\/Screen-Shot-2023-05-09-at-10.16.08-AM.png\",\"datePublished\":\"2023-05-09T14:14:55+00:00\",\"dateModified\":\"2024-07-18T12:28:45+00:00\",\"description\":\"Good Morning America heard about how our students feel seen and loved and decided to spend the day with us at Uncommon Excellence Boys Elementary School to share the magic with millions of viewers.\",\"breadcrumb\":{\"@id\":\"https:\/\/uncommonschools.org\/gma\/#breadcrumb\"},\"inLanguage\":\"fr-FR\",\"potentialAction\":[{\"@type\":\"ReadAction\",\"target\":[\"https:\/\/uncommonschools.org\/gma\/\"]}]},{\"@type\":\"ImageObject\",\"inLanguage\":\"fr-FR\",\"@id\":\"https:\/\/uncommonschools.org\/gma\/#primaryimage\",\"url\":\"https:\/\/uncommonschools.org\/wp-content\/uploads\/2023\/05\/Screen-Shot-2023-05-09-at-10.16.08-AM.png\",\"contentUrl\":\"https:\/\/uncommonschools.org\/wp-content\/uploads\/2023\/05\/Screen-Shot-2023-05-09-at-10.16.08-AM.png\",\"width\":1364,\"height\":768},{\"@type\":\"BreadcrumbList\",\"@id\":\"https:\/\/uncommonschools.org\/gma\/#breadcrumb\",\"itemListElement\":[{\"@type\":\"ListItem\",\"position\":1,\"name\":\"Home\",\"item\":\"https:\/\/uncommonschools.org\/\"},{\"@type\":\"ListItem\",\"position\":2,\"name\":\"Uncommon New York City Elementary School Featured on Good Morning America\"}]},{\"@type\":\"WebSite\",\"@id\":\"https:\/\/uncommonschools.org\/#website\",\"url\":\"https:\/\/uncommonschools.org\/\",\"name\":\"Uncommon Schools\",\"description\":\"\",\"potentialAction\":[{\"@type\":\"SearchAction\",\"target\":{\"@type\":\"EntryPoint\",\"urlTemplate\":\"https:\/\/uncommonschools.org\/?s={search_term_string}\"},\"query-input\":{\"@type\":\"PropertyValueSpecification\",\"valueRequired\":true,\"valueName\":\"search_term_string\"}}],\"inLanguage\":\"fr-FR\"}]}<\/script>\n<!-- \/ Yoast SEO plugin. -->","yoast_head_json":{"title":"Uncommon New York City Elementary School Featured on Good Morning America - Uncommon Schools","description":"Good Morning America heard about how our students feel seen and loved and decided to spend the day with us at Uncommon Excellence Boys Elementary School to share the magic with millions of viewers.","robots":{"index":"index","follow":"follow","max-snippet":"max-snippet:-1","max-image-preview":"max-image-preview:large","max-video-preview":"max-video-preview:-1"},"canonical":"https:\/\/uncommonschools.org\/fr\/gma\/","og_locale":"fr_FR","og_type":"article","og_title":"Uncommon New York City Elementary School Featured on Good Morning America - Uncommon Schools","og_description":"Good Morning America heard about how our students feel seen and loved and decided to spend the day with us at Uncommon Excellence Boys Elementary School to share the magic with millions of viewers.","og_url":"https:\/\/uncommonschools.org\/fr\/gma\/","og_site_name":"Uncommon Schools","article_modified_time":"2024-07-18T12:28:45+00:00","og_image":[{"width":1364,"height":768,"url":"https:\/\/uncommonschools.org\/wp-content\/uploads\/2023\/05\/Screen-Shot-2023-05-09-at-10.16.08-AM.png","type":"image\/png"}],"twitter_card":"summary_large_image","twitter_misc":{"Dur\u00e9e de lecture estim\u00e9e":"1 minute"},"schema":{"@context":"https:\/\/schema.org","@graph":[{"@type":"WebPage","@id":"https:\/\/uncommonschools.org\/gma\/","url":"https:\/\/uncommonschools.org\/gma\/","name":"Uncommon New York City Elementary School Featured on Good Morning America - Uncommon Schools","isPartOf":{"@id":"https:\/\/uncommonschools.org\/#website"},"primaryImageOfPage":{"@id":"https:\/\/uncommonschools.org\/gma\/#primaryimage"},"image":{"@id":"https:\/\/uncommonschools.org\/gma\/#primaryimage"},"thumbnailUrl":"https:\/\/uncommonschools.org\/wp-content\/uploads\/2023\/05\/Screen-Shot-2023-05-09-at-10.16.08-AM.png","datePublished":"2023-05-09T14:14:55+00:00","dateModified":"2024-07-18T12:28:45+00:00","description":"Good Morning America heard about how our students feel seen and loved and decided to spend the day with us at Uncommon Excellence Boys Elementary School to share the magic with millions of viewers.","breadcrumb":{"@id":"https:\/\/uncommonschools.org\/gma\/#breadcrumb"},"inLanguage":"fr-FR","potentialAction":[{"@type":"ReadAction","target":["https:\/\/uncommonschools.org\/gma\/"]}]},{"@type":"ImageObject","inLanguage":"fr-FR","@id":"https:\/\/uncommonschools.org\/gma\/#primaryimage","url":"https:\/\/uncommonschools.org\/wp-content\/uploads\/2023\/05\/Screen-Shot-2023-05-09-at-10.16.08-AM.png","contentUrl":"https:\/\/uncommonschools.org\/wp-content\/uploads\/2023\/05\/Screen-Shot-2023-05-09-at-10.16.08-AM.png","width":1364,"height":768},{"@type":"BreadcrumbList","@id":"https:\/\/uncommonschools.org\/gma\/#breadcrumb","itemListElement":[{"@type":"ListItem","position":1,"name":"Home","item":"https:\/\/uncommonschools.org\/"},{"@type":"ListItem","position":2,"name":"Uncommon New York City Elementary School Featured on Good Morning America"}]},{"@type":"WebSite","@id":"https:\/\/uncommonschools.org\/#website","url":"https:\/\/uncommonschools.org\/","name":"\u00c9coles hors du commun","description":"","potentialAction":[{"@type":"SearchAction","target":{"@type":"EntryPoint","urlTemplate":"https:\/\/uncommonschools.org\/?s={search_term_string}"},"query-input":{"@type":"PropertyValueSpecification","valueRequired":true,"valueName":"search_term_string"}}],"inLanguage":"fr-FR"}]}},"_links":{"self":[{"href":"https:\/\/uncommonschools.org\/fr\/wp-json\/wp\/v2\/pages\/11089","targetHints":{"allow":["GET"]}}],"collection":[{"href":"https:\/\/uncommonschools.org\/fr\/wp-json\/wp\/v2\/pages"}],"about":[{"href":"https:\/\/uncommonschools.org\/fr\/wp-json\/wp\/v2\/types\/page"}],"author":[{"embeddable":true,"href":"https:\/\/uncommonschools.org\/fr\/wp-json\/wp\/v2\/users\/44"}],"replies":[{"embeddable":true,"href":"https:\/\/uncommonschools.org\/fr\/wp-json\/wp\/v2\/comments?post=11089"}],"version-history":[{"count":0,"href":"https:\/\/uncommonschools.org\/fr\/wp-json\/wp\/v2\/pages\/11089\/revisions"}],"wp:featuredmedia":[{"embeddable":true,"href":"https:\/\/uncommonschools.org\/fr\/wp-json\/wp\/v2\/media\/11136"}],"wp:attachment":[{"href":"https:\/\/uncommonschools.org\/fr\/wp-json\/wp\/v2\/media?parent=11089"}],"curies":[{"name":"wp","href":"https:\/\/api.w.org\/{rel}","templated":true}]}}